{"id":31,"date":"2010-02-26T18:21:39","date_gmt":"2010-02-26T17:21:39","guid":{"rendered":"http:\/\/oliver-boberg.com\/content\/?page_id=31"},"modified":"2022-07-07T17:38:14","modified_gmt":"2022-07-07T15:38:14","slug":"neu-new","status":"publish","type":"page","link":"https:\/\/oliver-boberg.com\/content\/","title":{"rendered":"Neu <i>New<\/i>"},"content":{"rendered":"\n<hr class=\"wp-block-separator has-css-opacity\"\/>\n\n\n\n<div style=\"margin: 0px auto; text-align: center; max-width: 48rem; line-height: 2rem;\">\n<h2>\u201eDisplay No. 5\u201c<\/h2>\n<\/div>\n\n\n<div class=\"wp-block-image start-hero-img\">\n<figure class=\"aligncenter size-full\"><a href=\"https:\/\/oliver-boberg.com\/content\/wp-content\/uploads\/2022\/07\/20220706_102332w-scaled.jpg\" data-rel=\"lightbox-gallery-JZCf8jsA\" data-rl_title=\"\" data-rl_caption=\"\" title=\"\"><img loading=\"lazy\" decoding=\"async\" width=\"2560\" height=\"1920\" src=\"https:\/\/oliver-boberg.com\/content\/wp-content\/uploads\/2022\/07\/20220706_102332w-scaled.jpg\" alt=\"zum 20j\u00e4hrigen Jubil\u00e4ums der kunst galerie f\u00fcrth installiert Oliver Boberg den &quot;Wort-Ort&quot; &quot;Meer&quot; als &quot;Display No. 5&quot; in den Fenstern der Hauptfassade der Galerie\" class=\"wp-image-994\" srcset=\"https:\/\/oliver-boberg.com\/content\/wp-content\/uploads\/2022\/07\/20220706_102332w-scaled.jpg 2560w, https:\/\/oliver-boberg.com\/content\/wp-content\/uploads\/2022\/07\/20220706_102332w-533x400.jpg 533w, https:\/\/oliver-boberg.com\/content\/wp-content\/uploads\/2022\/07\/20220706_102332w-1024x768.jpg 1024w, https:\/\/oliver-boberg.com\/content\/wp-content\/uploads\/2022\/07\/20220706_102332w-768x576.jpg 768w, https:\/\/oliver-boberg.com\/content\/wp-content\/uploads\/2022\/07\/20220706_102332w-1536x1152.jpg 1536w, https:\/\/oliver-boberg.com\/content\/wp-content\/uploads\/2022\/07\/20220706_102332w-2048x1536.jpg 2048w\" sizes=\"auto, (max-width: 2560px) 100vw, 2560px\" \/><\/a><\/figure><\/div>\n\n\n<p class=\"has-text-align-center\">Anl\u00e4sslich des 20j\u00e4hrigen Jubil\u00e4ums der kunst galerie f\u00fcrth installiert Oliver Boberg den &#8222;Wort-Ort&#8220; &#8222;Meer&#8220; als &#8222;Display No. 5&#8220; in den Fenstern der Hauptfassade der Galerie<\/p>\n\n\n\n<div class=\"wp-block-group\"><div class=\"wp-block-group__inner-container is-layout-flow wp-block-group-is-layout-flow\"><div class=\"wp-block-image start-hero-img\">\n<figure class=\"aligncenter size-full\"><a href=\"https:\/\/oliver-boberg.com\/content\/wp-content\/uploads\/2022\/07\/20220706_101343w-scaled.jpg\" data-rel=\"lightbox-gallery-JZCf8jsA\" data-rl_title=\"\" data-rl_caption=\"\" title=\"\"><img loading=\"lazy\" decoding=\"async\" width=\"2560\" height=\"1920\" src=\"https:\/\/oliver-boberg.com\/content\/wp-content\/uploads\/2022\/07\/20220706_101343w-scaled.jpg\" alt=\"Oliver Boberg &quot;Wort-Ort: Meer&quot; als &quot;Display No. 5&quot; Nahaufnahme\" class=\"wp-image-995\" srcset=\"https:\/\/oliver-boberg.com\/content\/wp-content\/uploads\/2022\/07\/20220706_101343w-scaled.jpg 2560w, https:\/\/oliver-boberg.com\/content\/wp-content\/uploads\/2022\/07\/20220706_101343w-533x400.jpg 533w, https:\/\/oliver-boberg.com\/content\/wp-content\/uploads\/2022\/07\/20220706_101343w-1024x768.jpg 1024w, https:\/\/oliver-boberg.com\/content\/wp-content\/uploads\/2022\/07\/20220706_101343w-768x576.jpg 768w, https:\/\/oliver-boberg.com\/content\/wp-content\/uploads\/2022\/07\/20220706_101343w-1536x1152.jpg 1536w, https:\/\/oliver-boberg.com\/content\/wp-content\/uploads\/2022\/07\/20220706_101343w-2048x1536.jpg 2048w\" sizes=\"auto, (max-width: 2560px) 100vw, 2560px\" \/><\/a><\/figure><\/div><\/div><\/div>\n\n\n\n<p class=\"has-text-align-center\">Offizielle Er\u00f6ffnung am Jubil\u00e4umswochenende ab dem 22.7.2022<\/p>\n\n\n\n<p style=\"margin: 0px auto; text-align: center; max-width: 48rem;\" class=\"has-text-align-center\"><a href=\"https:\/\/oliver-boberg.com\/content\/serien\/wort-orte\/\" title=\"Wort-Orte\">\u201eWort-Orte\u201c &#8211; Serie ansehen<\/a><\/p>\n\n\n\n<hr class=\"wp-block-separator has-css-opacity\"\/>\n","protected":false},"excerpt":{"rendered":"<p>\u201eDisplay No. 5\u201c Anl\u00e4sslich des 20j\u00e4hrigen Jubil\u00e4ums der kunst galerie f\u00fcrth installiert Oliver Boberg den &#8222;Wort-Ort&#8220; &#8222;Meer&#8220; als &#8222;Display No. 5&#8220; in den Fenstern der Hauptfassade der Galerie Offizielle Er\u00f6ffnung am Jubil\u00e4umswochenende ab dem 22.7.2022 \u201eWort-Orte\u201c &#8211; Serie ansehen<\/p>\n","protected":false},"author":1,"featured_media":0,"parent":0,"menu_order":1,"comment_status":"closed","ping_status":"closed","template":"","meta":{"footnotes":""},"class_list":["post-31","page","type-page","status-publish","hentry"],"_links":{"self":[{"href":"https:\/\/oliver-boberg.com\/content\/wp-json\/wp\/v2\/pages\/31","targetHints":{"allow":["GET"]}}],"collection":[{"href":"https:\/\/oliver-boberg.com\/content\/wp-json\/wp\/v2\/pages"}],"about":[{"href":"https:\/\/oliver-boberg.com\/content\/wp-json\/wp\/v2\/types\/page"}],"author":[{"embeddable":true,"href":"https:\/\/oliver-boberg.com\/content\/wp-json\/wp\/v2\/users\/1"}],"replies":[{"embeddable":true,"href":"https:\/\/oliver-boberg.com\/content\/wp-json\/wp\/v2\/comments?post=31"}],"version-history":[{"count":0,"href":"https:\/\/oliver-boberg.com\/content\/wp-json\/wp\/v2\/pages\/31\/revisions"}],"wp:attachment":[{"href":"https:\/\/oliver-boberg.com\/content\/wp-json\/wp\/v2\/media?parent=31"}],"curies":[{"name":"wp","href":"https:\/\/api.w.org\/{rel}","templated":true}]}}